{"id":14,"date":"2024-04-19T15:18:16","date_gmt":"2024-04-19T13:18:16","guid":{"rendered":"https:\/\/huntrexgroup.com\/?page_id=14"},"modified":"2024-05-05T17:02:52","modified_gmt":"2024-05-05T15:02:52","slug":"home","status":"publish","type":"page","link":"https:\/\/huntrexgroup.com\/en\/","title":{"rendered":"Home"},"content":{"rendered":"<div data-elementor-type=\"wp-page\" data-elementor-id=\"14\" class=\"elementor elementor-14\" data-elementor-post-type=\"page\">\n\t\t\t\t<div class=\"elementor-element elementor-element-0361013 e-flex e-con-boxed e-con e-parent\" data-id=\"0361013\" data-element_type=\"container\" data-settings=\"{&quot;background_background&quot;:&quot;video&quot;,&quot;background_video_link&quot;:&quot;https:\\\/\\\/huntrexgroup.com\\\/wp-content\\\/uploads\\\/2024\\\/04\\\/esdera-bannermp4_14-11-2023_11-46-47.mp4&quot;,&quot;background_play_on_mobile&quot;:&quot;yes&quot;,&quot;background_video_start&quot;:0}\">\n\t\t\t\t\t<div class=\"e-con-inner\">\n\t\t<div class=\"elementor-background-video-container\">\n\t\t\t\t\t\t\t<video class=\"elementor-background-video-hosted elementor-html5-video\" autoplay muted playsinline loop><\/video>\n\t\t\t\t\t<\/div>\t\t<div class=\"elementor-element elementor-element-36bfdde elementor-widget elementor-widget-heading\" data-id=\"36bfdde\" data-element_type=\"widget\" data-widget_type=\"heading.default\">\n\t\t\t\t<div class=\"elementor-widget-container\">\n\t\t\t<style>\/*! elementor - v3.21.0 - 18-04-2024 *\/\n.elementor-heading-title{padding:0;margin:0;line-height:1}.elementor-widget-heading .elementor-heading-title[class*=elementor-size-]>a{color:inherit;font-size:inherit;line-height:inherit}.elementor-widget-heading .elementor-heading-title.elementor-size-small{font-size:15px}.elementor-widget-heading .elementor-heading-title.elementor-size-medium{font-size:19px}.elementor-widget-heading .elementor-heading-title.elementor-size-large{font-size:29px}.elementor-widget-heading .elementor-heading-title.elementor-size-xl{font-size:39px}.elementor-widget-heading .elementor-heading-title.elementor-size-xxl{font-size:59px}<\/style><h1 class=\"elementor-heading-title elementor-size-default\">AI based Executive Search<span style=\"color: #54b9e4;\">.<\/span>\n<\/h1>\t\t<\/div>\n\t\t\t\t<\/div>\n\t\t\t\t\t<\/div>\n\t\t\t\t<\/div>\n\t\t<div class=\"elementor-element elementor-element-196eb1e e-con-full e-flex e-con e-parent\" data-id=\"196eb1e\" data-element_type=\"container\" data-settings=\"{&quot;background_background&quot;:&quot;classic&quot;}\">\n\t\t\t\t<div class=\"elementor-element elementor-element-96db6f8 elementor-widget elementor-widget-heading\" data-id=\"96db6f8\" data-element_type=\"widget\" data-widget_type=\"heading.default\">\n\t\t\t\t<div class=\"elementor-widget-container\">\n\t\t\t<h3 class=\"elementor-heading-title elementor-size-default\">Our Services<\/h3>\t\t<\/div>\n\t\t\t\t<\/div>\n\t\t<div class=\"elementor-element elementor-element-06adfdb e-con-full e-flex e-con e-child\" data-id=\"06adfdb\" data-element_type=\"container\">\n\t\t<div class=\"elementor-element elementor-element-3e24af5 e-con-full e-flex elementor-invisible e-con e-child\" data-id=\"3e24af5\" data-element_type=\"container\" data-settings=\"{&quot;background_background&quot;:&quot;classic&quot;,&quot;animation&quot;:&quot;fadeInRight&quot;}\">\n\t\t\t\t<div class=\"elementor-element elementor-element-ac74769 elementor-widget elementor-widget-image\" data-id=\"ac74769\" data-element_type=\"widget\" data-widget_type=\"image.default\">\n\t\t\t\t<div class=\"elementor-widget-container\">\n\t\t\t<style>\/*! elementor - v3.21.0 - 18-04-2024 *\/\n.elementor-widget-image{text-align:center}.elementor-widget-image a{display:inline-block}.elementor-widget-image a img[src$=\".svg\"]{width:48px}.elementor-widget-image img{vertical-align:middle;display:inline-block}<\/style>\t\t\t\t\t\t\t\t\t\t<img fetchpriority=\"high\" decoding=\"async\" width=\"313\" height=\"313\" src=\"https:\/\/huntrexgroup.com\/wp-content\/uploads\/2024\/05\/1.png\" class=\"attachment-large size-large wp-image-2251\" alt=\"\" srcset=\"https:\/\/huntrexgroup.com\/wp-content\/uploads\/2024\/05\/1.png 313w, https:\/\/huntrexgroup.com\/wp-content\/uploads\/2024\/05\/1-300x300.png 300w, https:\/\/huntrexgroup.com\/wp-content\/uploads\/2024\/05\/1-150x150.png 150w, https:\/\/huntrexgroup.com\/wp-content\/uploads\/2024\/05\/1-12x12.png 12w\" sizes=\"(max-width: 313px) 100vw, 313px\" \/>\t\t\t\t\t\t\t\t\t\t\t\t\t<\/div>\n\t\t\t\t<\/div>\n\t\t\t\t<div class=\"elementor-element elementor-element-21af815 elementor-widget elementor-widget-heading\" data-id=\"21af815\" data-element_type=\"widget\" data-widget_type=\"heading.default\">\n\t\t\t\t<div class=\"elementor-widget-container\">\n\t\t\t<h3 class=\"elementor-heading-title elementor-size-default\">Executive Search\n<\/h3>\t\t<\/div>\n\t\t\t\t<\/div>\n\t\t\t\t<div class=\"elementor-element elementor-element-587c0d9 elementor-widget elementor-widget-text-editor\" data-id=\"587c0d9\" data-element_type=\"widget\" data-widget_type=\"text-editor.default\">\n\t\t\t\t<div class=\"elementor-widget-container\">\n\t\t\t<style>\/*! elementor - v3.21.0 - 18-04-2024 *\/\n.elementor-widget-text-editor.elementor-drop-cap-view-stacked .elementor-drop-cap{background-color:#69727d;color:#fff}.elementor-widget-text-editor.elementor-drop-cap-view-framed .elementor-drop-cap{color:#69727d;border:3px solid;background-color:transparent}.elementor-widget-text-editor:not(.elementor-drop-cap-view-default) .elementor-drop-cap{margin-top:8px}.elementor-widget-text-editor:not(.elementor-drop-cap-view-default) .elementor-drop-cap-letter{width:1em;height:1em}.elementor-widget-text-editor .elementor-drop-cap{float:left;text-align:center;line-height:1;font-size:50px}.elementor-widget-text-editor .elementor-drop-cap-letter{display:inline-block}<\/style>\t\t\t\t<p>Our executive search service is pivotal in driving organizational success. We specialize in identifying exceptional professionals and leaders who, while not actively seeking new opportunities, perfectly align with your strategic needs.<\/p>\t\t\t\t\t\t<\/div>\n\t\t\t\t<\/div>\n\t\t\t\t<div class=\"elementor-element elementor-element-54a6b42 elementor-align-right elementor-widget elementor-widget-button\" data-id=\"54a6b42\" data-element_type=\"widget\" data-widget_type=\"button.default\">\n\t\t\t\t<div class=\"elementor-widget-container\">\n\t\t\t\t\t<div class=\"elementor-button-wrapper\">\n\t\t\t<a class=\"elementor-button elementor-button-link elementor-size-sm\" href=\"https:\/\/huntrexgroup.com\/en\/services\/#search\">\n\t\t\t\t\t\t<span class=\"elementor-button-content-wrapper\">\n\t\t\t\t\t\t<span class=\"elementor-button-icon elementor-align-icon-right\">\n\t\t\t\t<svg xmlns=\"http:\/\/www.w3.org\/2000\/svg\" viewbox=\"0 0 256 256\"><path fill=\"none\" d=\"M0 0h256v256H0z\"><\/path><path d=\"M216 120h-80V40a8 8 0 0 0-16 0v80H40a8 8 0 0 0 0 16h80v80a8 8 0 0 0 16 0v-80h80a8 8 0 0 0 0-16Z\" fill=\"#ffffff\" class=\"fill-000000\"><\/path><\/svg>\t\t\t<\/span>\n\t\t\t\t\t\t\t\t\t<span class=\"elementor-button-text\">READ MORE<\/span>\n\t\t\t\t\t<\/span>\n\t\t\t\t\t<\/a>\n\t\t<\/div>\n\t\t\t\t<\/div>\n\t\t\t\t<\/div>\n\t\t\t\t<\/div>\n\t\t<div class=\"elementor-element elementor-element-bfeaef4 e-con-full e-flex elementor-invisible e-con e-child\" data-id=\"bfeaef4\" data-element_type=\"container\" data-settings=\"{&quot;background_background&quot;:&quot;classic&quot;,&quot;animation&quot;:&quot;fadeInRight&quot;,&quot;animation_delay&quot;:200}\">\n\t\t\t\t<div class=\"elementor-element elementor-element-b80e23c elementor-widget elementor-widget-image\" data-id=\"b80e23c\" data-element_type=\"widget\" data-widget_type=\"image.default\">\n\t\t\t\t<div class=\"elementor-widget-container\">\n\t\t\t\t\t\t\t\t\t\t\t\t\t<img decoding=\"async\" width=\"313\" height=\"313\" src=\"https:\/\/huntrexgroup.com\/wp-content\/uploads\/2024\/05\/2.png\" class=\"attachment-large size-large wp-image-2252\" alt=\"\" srcset=\"https:\/\/huntrexgroup.com\/wp-content\/uploads\/2024\/05\/2.png 313w, https:\/\/huntrexgroup.com\/wp-content\/uploads\/2024\/05\/2-300x300.png 300w, https:\/\/huntrexgroup.com\/wp-content\/uploads\/2024\/05\/2-150x150.png 150w, https:\/\/huntrexgroup.com\/wp-content\/uploads\/2024\/05\/2-12x12.png 12w\" sizes=\"(max-width: 313px) 100vw, 313px\" \/>\t\t\t\t\t\t\t\t\t\t\t\t\t<\/div>\n\t\t\t\t<\/div>\n\t\t\t\t<div class=\"elementor-element elementor-element-2391348 elementor-widget elementor-widget-heading\" data-id=\"2391348\" data-element_type=\"widget\" data-widget_type=\"heading.default\">\n\t\t\t\t<div class=\"elementor-widget-container\">\n\t\t\t<h3 class=\"elementor-heading-title elementor-size-default\">Interim Management\n<\/h3>\t\t<\/div>\n\t\t\t\t<\/div>\n\t\t\t\t<div class=\"elementor-element elementor-element-bafc3a8 elementor-widget elementor-widget-text-editor\" data-id=\"bafc3a8\" data-element_type=\"widget\" data-widget_type=\"text-editor.default\">\n\t\t\t\t<div class=\"elementor-widget-container\">\n\t\t\t\t\t\t\t<p>In today\u2019s fast-paced business environment, where flexibility and rapid adaptability are key competitive edges, our Interim Management serves as a strategic resource.<\/p>\t\t\t\t\t\t<\/div>\n\t\t\t\t<\/div>\n\t\t\t\t<div class=\"elementor-element elementor-element-6b216ae elementor-align-right elementor-widget elementor-widget-button\" data-id=\"6b216ae\" data-element_type=\"widget\" data-widget_type=\"button.default\">\n\t\t\t\t<div class=\"elementor-widget-container\">\n\t\t\t\t\t<div class=\"elementor-button-wrapper\">\n\t\t\t<a class=\"elementor-button elementor-button-link elementor-size-sm\" href=\"https:\/\/huntrexgroup.com\/en\/services\/#interim\">\n\t\t\t\t\t\t<span class=\"elementor-button-content-wrapper\">\n\t\t\t\t\t\t<span class=\"elementor-button-icon elementor-align-icon-right\">\n\t\t\t\t<svg xmlns=\"http:\/\/www.w3.org\/2000\/svg\" viewbox=\"0 0 256 256\"><path fill=\"none\" d=\"M0 0h256v256H0z\"><\/path><path d=\"M216 120h-80V40a8 8 0 0 0-16 0v80H40a8 8 0 0 0 0 16h80v80a8 8 0 0 0 16 0v-80h80a8 8 0 0 0 0-16Z\" fill=\"#ffffff\" class=\"fill-000000\"><\/path><\/svg>\t\t\t<\/span>\n\t\t\t\t\t\t\t\t\t<span class=\"elementor-button-text\">READ MORE<\/span>\n\t\t\t\t\t<\/span>\n\t\t\t\t\t<\/a>\n\t\t<\/div>\n\t\t\t\t<\/div>\n\t\t\t\t<\/div>\n\t\t\t\t<\/div>\n\t\t<div class=\"elementor-element elementor-element-33152ea e-con-full e-flex elementor-invisible e-con e-child\" data-id=\"33152ea\" data-element_type=\"container\" data-settings=\"{&quot;background_background&quot;:&quot;classic&quot;,&quot;animation&quot;:&quot;fadeInRight&quot;,&quot;animation_delay&quot;:400}\">\n\t\t\t\t<div class=\"elementor-element elementor-element-43354d4 elementor-widget elementor-widget-image\" data-id=\"43354d4\" data-element_type=\"widget\" data-widget_type=\"image.default\">\n\t\t\t\t<div class=\"elementor-widget-container\">\n\t\t\t\t\t\t\t\t\t\t\t\t\t<img decoding=\"async\" width=\"313\" height=\"313\" src=\"https:\/\/huntrexgroup.com\/wp-content\/uploads\/2024\/05\/3-1.png\" class=\"attachment-large size-large wp-image-2253\" alt=\"\" srcset=\"https:\/\/huntrexgroup.com\/wp-content\/uploads\/2024\/05\/3-1.png 313w, https:\/\/huntrexgroup.com\/wp-content\/uploads\/2024\/05\/3-1-300x300.png 300w, https:\/\/huntrexgroup.com\/wp-content\/uploads\/2024\/05\/3-1-150x150.png 150w, https:\/\/huntrexgroup.com\/wp-content\/uploads\/2024\/05\/3-1-12x12.png 12w\" sizes=\"(max-width: 313px) 100vw, 313px\" \/>\t\t\t\t\t\t\t\t\t\t\t\t\t<\/div>\n\t\t\t\t<\/div>\n\t\t\t\t<div class=\"elementor-element elementor-element-78a8064 elementor-widget elementor-widget-heading\" data-id=\"78a8064\" data-element_type=\"widget\" data-widget_type=\"heading.default\">\n\t\t\t\t<div class=\"elementor-widget-container\">\n\t\t\t<h3 class=\"elementor-heading-title elementor-size-default\">Leadership Advisory<\/h3>\t\t<\/div>\n\t\t\t\t<\/div>\n\t\t\t\t<div class=\"elementor-element elementor-element-8134152 elementor-widget elementor-widget-text-editor\" data-id=\"8134152\" data-element_type=\"widget\" data-widget_type=\"text-editor.default\">\n\t\t\t\t<div class=\"elementor-widget-container\">\n\t\t\t\t\t\t\t<p>Our Leadership Advisory Service is methodically crafted to navigate your organization through the unpredictable waters of today's environment, enhancing leadership and demographic transitions.<\/p>\t\t\t\t\t\t<\/div>\n\t\t\t\t<\/div>\n\t\t\t\t<div class=\"elementor-element elementor-element-e1efe49 elementor-align-right elementor-widget elementor-widget-button\" data-id=\"e1efe49\" data-element_type=\"widget\" data-widget_type=\"button.default\">\n\t\t\t\t<div class=\"elementor-widget-container\">\n\t\t\t\t\t<div class=\"elementor-button-wrapper\">\n\t\t\t<a class=\"elementor-button elementor-button-link elementor-size-sm\" href=\"https:\/\/huntrexgroup.com\/en\/services\/#leader\">\n\t\t\t\t\t\t<span class=\"elementor-button-content-wrapper\">\n\t\t\t\t\t\t<span class=\"elementor-button-icon elementor-align-icon-right\">\n\t\t\t\t<svg xmlns=\"http:\/\/www.w3.org\/2000\/svg\" viewbox=\"0 0 256 256\"><path fill=\"none\" d=\"M0 0h256v256H0z\"><\/path><path d=\"M216 120h-80V40a8 8 0 0 0-16 0v80H40a8 8 0 0 0 0 16h80v80a8 8 0 0 0 16 0v-80h80a8 8 0 0 0 0-16Z\" fill=\"#ffffff\" class=\"fill-000000\"><\/path><\/svg>\t\t\t<\/span>\n\t\t\t\t\t\t\t\t\t<span class=\"elementor-button-text\">READ MORE<\/span>\n\t\t\t\t\t<\/span>\n\t\t\t\t\t<\/a>\n\t\t<\/div>\n\t\t\t\t<\/div>\n\t\t\t\t<\/div>\n\t\t\t\t<\/div>\n\t\t\t\t<\/div>\n\t\t\t\t<\/div>\n\t\t<div class=\"elementor-element elementor-element-3728ce8 e-con-full e-flex e-con e-parent\" data-id=\"3728ce8\" data-element_type=\"container\" data-settings=\"{&quot;background_background&quot;:&quot;classic&quot;}\">\n\t\t\t\t<div class=\"elementor-element elementor-element-e4a6036 elementor-widget elementor-widget-heading\" data-id=\"e4a6036\" data-element_type=\"widget\" data-widget_type=\"heading.default\">\n\t\t\t\t<div class=\"elementor-widget-container\">\n\t\t\t<h3 class=\"elementor-heading-title elementor-size-default\">About Us<\/h3>\t\t<\/div>\n\t\t\t\t<\/div>\n\t\t<div class=\"elementor-element elementor-element-3e1d41f e-con-full e-flex e-con e-child\" data-id=\"3e1d41f\" data-element_type=\"container\">\n\t\t<div class=\"elementor-element elementor-element-4dfd33c e-con-full animated-slow e-flex elementor-invisible e-con e-child\" data-id=\"4dfd33c\" data-element_type=\"container\" data-settings=\"{&quot;background_background&quot;:&quot;classic&quot;,&quot;animation&quot;:&quot;fadeIn&quot;,&quot;animation_delay&quot;:200}\">\n\t\t\t\t<div class=\"elementor-element elementor-element-fa7bf97 elementor-pagination-type-bullets elementor-arrows-position-inside elementor-pagination-position-outside elementor-widget elementor-widget-n-carousel\" data-id=\"fa7bf97\" data-element_type=\"widget\" data-settings=\"{&quot;carousel_items&quot;:[{&quot;slide_title&quot;:&quot;Slide #1&quot;,&quot;_id&quot;:&quot;dd76688&quot;}],&quot;slides_to_show&quot;:&quot;1&quot;,&quot;slides_to_show_tablet&quot;:&quot;1&quot;,&quot;slides_to_scroll&quot;:&quot;1&quot;,&quot;speed&quot;:800,&quot;slides_to_show_mobile&quot;:&quot;1&quot;,&quot;infinite&quot;:&quot;yes&quot;,&quot;offset_sides&quot;:&quot;none&quot;,&quot;arrows&quot;:&quot;yes&quot;,&quot;pagination&quot;:&quot;bullets&quot;,&quot;image_spacing_custom&quot;:{&quot;unit&quot;:&quot;px&quot;,&quot;size&quot;:10,&quot;sizes&quot;:[]},&quot;image_spacing_custom_tablet&quot;:{&quot;unit&quot;:&quot;px&quot;,&quot;size&quot;:&quot;&quot;,&quot;sizes&quot;:[]},&quot;image_spacing_custom_mobile&quot;:{&quot;unit&quot;:&quot;px&quot;,&quot;size&quot;:&quot;&quot;,&quot;sizes&quot;:[]}}\" data-widget_type=\"nested-carousel.default\">\n\t\t\t\t<div class=\"elementor-widget-container\">\n\t\t\t<link rel=\"stylesheet\" href=\"https:\/\/huntrexgroup.com\/wp-content\/plugins\/elementor-pro\/assets\/css\/widget-nested-carousel.min.css\">\t\t<div class=\"e-n-carousel swiper\" dir=\"ltr\">\n\t\t\t<div class=\"swiper-wrapper\" aria-live=\"polite\">\n\t\t\t\t\t\t\t\t\t\t<div class=\"swiper-slide\" data-slide=\"1\" role=\"group\" aria-roledescription=\"slide\" aria-label=\"1 of 1\">\n\t\t\t\t\t\t\t<div class=\"elementor-element elementor-element-2bd1eb3 e-con-full e-flex e-con e-child\" data-id=\"2bd1eb3\" data-element_type=\"container\">\n\t\t<div class=\"elementor-element elementor-element-461b812 e-con-full e-flex e-con e-child\" data-id=\"461b812\" data-element_type=\"container\">\n\t\t\t\t<div class=\"elementor-element elementor-element-851e15d elementor-widget elementor-widget-image\" data-id=\"851e15d\" data-element_type=\"widget\" data-widget_type=\"image.default\">\n\t\t\t\t<div class=\"elementor-widget-container\">\n\t\t\t\t\t\t\t\t\t\t\t\t\t<img loading=\"lazy\" decoding=\"async\" width=\"1500\" height=\"826\" src=\"https:\/\/huntrexgroup.com\/wp-content\/uploads\/2024\/05\/about-bild-web.jpg\" class=\"attachment-1536x1536 size-1536x1536 wp-image-2311\" alt=\"\" srcset=\"https:\/\/huntrexgroup.com\/wp-content\/uploads\/2024\/05\/about-bild-web.jpg 1500w, https:\/\/huntrexgroup.com\/wp-content\/uploads\/2024\/05\/about-bild-web-300x165.jpg 300w, https:\/\/huntrexgroup.com\/wp-content\/uploads\/2024\/05\/about-bild-web-1024x564.jpg 1024w, https:\/\/huntrexgroup.com\/wp-content\/uploads\/2024\/05\/about-bild-web-768x423.jpg 768w, https:\/\/huntrexgroup.com\/wp-content\/uploads\/2024\/05\/about-bild-web-18x10.jpg 18w\" sizes=\"(max-width: 1500px) 100vw, 1500px\" \/>\t\t\t\t\t\t\t\t\t\t\t\t\t<\/div>\n\t\t\t\t<\/div>\n\t\t\t\t<\/div>\n\t\t<div class=\"elementor-element elementor-element-d880d23 e-con-full e-flex e-con e-child\" data-id=\"d880d23\" data-element_type=\"container\">\n\t\t\t\t<div class=\"elementor-element elementor-element-23811af elementor-widget elementor-widget-heading\" data-id=\"23811af\" data-element_type=\"widget\" data-widget_type=\"heading.default\">\n\t\t\t\t<div class=\"elementor-widget-container\">\n\t\t\t<h2 class=\"elementor-heading-title elementor-size-default\">Revolutionizing. Shaping. Improving. Pioneering. Redefined Executive Search - combining two spheres. <\/h2>\t\t<\/div>\n\t\t\t\t<\/div>\n\t\t\t\t<div class=\"elementor-element elementor-element-d076d25 elementor-widget elementor-widget-text-editor\" data-id=\"d076d25\" data-element_type=\"widget\" data-widget_type=\"text-editor.default\">\n\t\t\t\t<div class=\"elementor-widget-container\">\n\t\t\t\t\t\t\t<p>We use cutting-edge AI technologies to not only optimize and refine the hiring process and ensure accurate, but also to guarantee long-lasting placements across various industries. We believe a company's true value lies in its workforce, emphasizing a forward-thinking mindset and perfect alignment of professional and cultural values. Success stems from the synergy between individual excellence and a unified vision. Our commitment focuses on identifying and securing exceptional talents. These are the individuals who will make a decisive difference. We dedicate our efforts to finding those who will significantly elevate your company.<\/p>\t\t\t\t\t\t<\/div>\n\t\t\t\t<\/div>\n\t\t\t\t<div class=\"elementor-element elementor-element-bd82a69 elementor-widget elementor-widget-button\" data-id=\"bd82a69\" data-element_type=\"widget\" data-widget_type=\"button.default\">\n\t\t\t\t<div class=\"elementor-widget-container\">\n\t\t\t\t\t<div class=\"elementor-button-wrapper\">\n\t\t\t<a class=\"elementor-button elementor-button-link elementor-size-sm\" href=\"https:\/\/huntrexgroup.com\/en\/about\/\">\n\t\t\t\t\t\t<span class=\"elementor-button-content-wrapper\">\n\t\t\t\t\t\t<span class=\"elementor-button-icon elementor-align-icon-right\">\n\t\t\t\t<svg xmlns=\"http:\/\/www.w3.org\/2000\/svg\" viewbox=\"0 0 256 256\"><path fill=\"none\" d=\"M0 0h256v256H0z\"><\/path><path d=\"M216 120h-80V40a8 8 0 0 0-16 0v80H40a8 8 0 0 0 0 16h80v80a8 8 0 0 0 16 0v-80h80a8 8 0 0 0 0-16Z\" fill=\"#ffffff\" class=\"fill-000000\"><\/path><\/svg>\t\t\t<\/span>\n\t\t\t\t\t\t\t\t\t<span class=\"elementor-button-text\">MORE ABOUT US<\/span>\n\t\t\t\t\t<\/span>\n\t\t\t\t\t<\/a>\n\t\t<\/div>\n\t\t\t\t<\/div>\n\t\t\t\t<\/div>\n\t\t\t\t<\/div>\n\t\t\t\t<\/div>\n\t\t\t\t\t\t\t\t<\/div>\n\t\t\t\t\t\t\t\t<\/div>\n\t\t<\/div>\n\t\t\t\t<\/div>\n\t\t\t\t<\/div>\n\t\t\t\t<\/div>\n\t\t\t\t<\/div>\n\t\t\t\t<\/div>\n\t\t\t\t<\/div>","protected":false},"excerpt":{"rendered":"<p>AI based Executive Search. Unsere\u00a0Services Executive Search Executive Search ist ein zentrales Element unseres Portfolios, das sich auf die gezielte Ansprache und Gewinnung hochqualifizierter Fach- und F\u00fchrungskr\u00e4fte konzentriert, die nicht aktiv auf Jobsuche sind. MEHR ERFAHREN Interim Management In der heutigen Gesch\u00e4ftswelt, in der Flexibilit\u00e4t und schnelle Anpassungsf\u00e4higkeit entscheidende Wettbewerbsvorteile darstellen, bietet unser Interim Management [&hellip;]<\/p>","protected":false},"author":1,"featured_media":0,"parent":0,"menu_order":0,"comment_status":"closed","ping_status":"closed","template":"elementor_header_footer","meta":{"footnotes":""},"class_list":["post-14","page","type-page","status-publish","hentry"],"_links":{"self":[{"href":"https:\/\/huntrexgroup.com\/en\/wp-json\/wp\/v2\/pages\/14","targetHints":{"allow":["GET"]}}],"collection":[{"href":"https:\/\/huntrexgroup.com\/en\/wp-json\/wp\/v2\/pages"}],"about":[{"href":"https:\/\/huntrexgroup.com\/en\/wp-json\/wp\/v2\/types\/page"}],"author":[{"embeddable":true,"href":"https:\/\/huntrexgroup.com\/en\/wp-json\/wp\/v2\/users\/1"}],"replies":[{"embeddable":true,"href":"https:\/\/huntrexgroup.com\/en\/wp-json\/wp\/v2\/comments?post=14"}],"version-history":[{"count":691,"href":"https:\/\/huntrexgroup.com\/en\/wp-json\/wp\/v2\/pages\/14\/revisions"}],"predecessor-version":[{"id":2827,"href":"https:\/\/huntrexgroup.com\/en\/wp-json\/wp\/v2\/pages\/14\/revisions\/2827"}],"wp:attachment":[{"href":"https:\/\/huntrexgroup.com\/en\/wp-json\/wp\/v2\/media?parent=14"}],"curies":[{"name":"wp","href":"https:\/\/api.w.org\/{rel}","templated":true}]}}